{"id":212,"date":"2021-05-06T14:38:31","date_gmt":"2021-05-06T14:38:31","guid":{"rendered":"http:\/\/birbi.matf.bg.ac.rs\/?page_id=212"},"modified":"2024-12-10T13:36:42","modified_gmt":"2024-12-10T13:36:42","slug":"organization","status":"publish","type":"page","link":"http:\/\/birbi.matf.bg.ac.rs\/index.php\/en\/organization\/","title":{"rendered":"Organs"},"content":{"rendered":"\n<p><strong>BIRBY Presidency:<\/strong><\/p>\n\n\n\n<p>Nenad Miti\u0107, president<br>Marko \u0110or\u0111evi\u0107, deputy president<br>Sa\u0161a Malkov, secretary<br>Branko Dragovi\u0107, member<br>Gordana Pavlovi\u0107-La\u017eeti\u0107, member<br>Ivana Mori\u0107, member<br>Milo\u0161 Beljanski, member<br>Jovana Kova\u010devi\u0107, member<br>Branislava Gemovi\u0107, member<br>Nata\u0161a Pr\u017eulj, member<br>Nenad Filipovi\u0107, member<br>Aleksandra Uzelac, member<\/p>\n\n\n\n<p><strong>Supervisor Committee:<\/strong><br><strong><br><\/strong>\u017deljko Popovi\u0107, president<br>Valentina \u0110or\u0111evi\u0107, member<br>An\u0111ela Rodi\u0107, member<\/p>\n","protected":false},"excerpt":{"rendered":"<p>BIRBY Presidency: Nenad Miti\u0107, presidentMarko \u0110or\u0111evi\u0107, deputy presidentSa\u0161a Malkov, secretaryBranko Dragovi\u0107, memberGordana Pavlovi\u0107-La\u017eeti\u0107, memberIvana Mori\u0107, memberMilo\u0161 Beljanski, memberJovana Kova\u010devi\u0107, memberBranislava Gemovi\u0107, memberNata\u0161a Pr\u017eulj, memberNenad Filipovi\u0107, memberAleksandra Uzelac, member Supervisor Committee:\u017deljko Popovi\u0107, presidentValentina \u0110or\u0111evi\u0107, memberAn\u0111ela Rodi\u0107, member<\/p>\n","protected":false},"author":3,"featured_media":0,"parent":0,"menu_order":0,"comment_status":"closed","ping_status":"closed","template":"","meta":[],"acf":[],"_links":{"self":[{"href":"http:\/\/birbi.matf.bg.ac.rs\/index.php\/wp-json\/wp\/v2\/pages\/212"}],"collection":[{"href":"http:\/\/birbi.matf.bg.ac.rs\/index.php\/wp-json\/wp\/v2\/pages"}],"about":[{"href":"http:\/\/birbi.matf.bg.ac.rs\/index.php\/wp-json\/wp\/v2\/types\/page"}],"author":[{"embeddable":true,"href":"http:\/\/birbi.matf.bg.ac.rs\/index.php\/wp-json\/wp\/v2\/users\/3"}],"replies":[{"embeddable":true,"href":"http:\/\/birbi.matf.bg.ac.rs\/index.php\/wp-json\/wp\/v2\/comments?post=212"}],"version-history":[{"count":7,"href":"http:\/\/birbi.matf.bg.ac.rs\/index.php\/wp-json\/wp\/v2\/pages\/212\/revisions"}],"predecessor-version":[{"id":663,"href":"http:\/\/birbi.matf.bg.ac.rs\/index.php\/wp-json\/wp\/v2\/pages\/212\/revisions\/663"}],"wp:attachment":[{"href":"http:\/\/birbi.matf.bg.ac.rs\/index.php\/wp-json\/wp\/v2\/media?parent=212"}],"curies":[{"name":"wp","href":"https:\/\/api.w.org\/{rel}","templated":true}]}}